{"id":6,"date":"2016-12-10T23:18:03","date_gmt":"2016-12-10T23:18:03","guid":{"rendered":"http:\/\/www.sutyo.com\/index.php\/contact-us\/"},"modified":"2016-12-21T08:58:13","modified_gmt":"2016-12-21T08:58:13","slug":"irtibat","status":"publish","type":"page","link":"https:\/\/www.sutyo.com\/tr\/irtibat\/","title":{"rendered":"\u0130rtibat"},"content":{"rendered":"<p>&nbsp;<\/p>\n<p>Sutyo.com\u00a0<em><strong>\u00c7iftli\u011fi ile i\u015f ortakl\u0131\u011f\u0131 yapmaya ne dersiniz?<\/strong><\/em> \u00c7iftli\u011fimiz, \u00fcr\u00fcnlerimizin da\u011f\u0131t\u0131m\u0131n\u0131 yapmak isteyen i\u015f ortaklar\u0131m\u0131z ile daha da b\u00fcy\u00fcmek istiyor. Sutyo.Com ve anla\u015fmal\u0131 \u00e7iftlikleri\u00a0ile \u00e7al\u0131\u015farak y\u00fcksek gelir imkanlar\u0131ndan faydalanmak i\u00e7in bizimle irtibata ge\u00e7ebilirsiniz.<\/p>\n<p>G\u00fcnl\u00fck S\u00fct da\u011f\u0131t\u0131m ve sat\u0131\u015f\u0131ndan sorumlu\u00a0yetkililerimiz\u00a0sizinle g\u00f6r\u00fc\u015f\u00fcp\u00a0bilgilerinizi inceleyecek ve \u00a0geri d\u00f6n\u00fc\u015f yaparak, uygun \u00e7al\u0131\u015fma ortam\u0131n\u0131 sa\u011flayacakt\u0131r.<\/p>\n<p>A\u015fa\u011f\u0131daki m\u00fc\u015fterimizden gelen ger\u00e7ek bir \u015fikayettir. ;<\/p>\n<p>&#8221; Samsun Atakum mevkiinde\u00a0\u00a0oturmaktay\u0131m. Taze g\u00fcnl\u00fck s\u00fct da\u011f\u0131t\u0131m\u0131 yapan elemanlar evlerimize, biz rahat rahat oldu\u011fumuz halde k\u00f6y s\u00fct\u00fc teslimat\u0131 yap\u0131yorlar. Elimizde yok diyerek tereya\u011f\u00a0teslimi yapm\u0131yorlar. Apartmandan g\u00f6ren vatanda\u015f denk gelirse s\u00fct\u00fc teslim al\u0131yor. Buna bir \u00e7\u00f6z\u00fcm bulunmas\u0131 gerekir.\u00a0S\u00fct\u00fc belediyeye teslim etmeyebilirler imza taklidi yaparak kendileri al\u0131yor olabilir. Sonu\u00e7ta 50 haneye vermeseler 250 litre\u00a0s\u00fct eder. Bu ciddi bir maddi kazan\u00e7. Samsun b\u00f6lgesi taze s\u00fct kapasitesi i\u00e7inde bu anla\u015f\u0131lamaz.<\/p>\n<p>\u0130\u015fletmeler\u00a0b\u00f6yle bir hizmet\u00a0uygun g\u00f6rm\u00fc\u015fse neden faydalanmayal\u0131m? \u00dccreti kar\u015f\u0131l\u0131\u011f\u0131 b\u00f6yle bir servisten yararlanmak isteriz. Bize de kom\u015fular\u0131m\u0131za da do\u011fal \u00e7i\u011f s\u00fct teslimat\u0131 yaps\u0131nlar. Samsun da s\u00fct\u00a0sat\u0131\u015f\u0131 yapan firmalara sesleniyorum, bu siteye siz ula\u015ft\u0131ysan\u0131z bilin ki m\u00fc\u015fterileriniz de ula\u015facak. Kap\u0131ya teslim g\u00fcnl\u00fck s\u00fct sat\u0131\u015f\u0131 yap\u0131yorsan\u0131z bu siteye reklam i\u00e7in bizimle irtibata ge\u00e7ebilirsiniz.&#8221;<\/p>\n<p>&nbsp;<\/p>\n<p><!-- The form below requires a jetpack connection to work--><br \/>\n[contact-form][contact-field label=&#8217;Name&#8217; type=&#8217;name&#8217; required=&#8217;1&#8217;\/][contact-field label=&#8217;Email&#8217; type=&#8217;email&#8217; required=&#8217;1&#8217;\/][contact-field label=&#8217;Comment&#8217; type=&#8217;textarea&#8217; required=&#8217;1&#8217;\/][\/contact-form]<\/p>","protected":false},"excerpt":{"rendered":"<p>&nbsp; Sutyo.com\u00a0\u00c7iftli\u011fi ile i\u015f ortakl\u0131\u011f\u0131 yapmaya ne dersiniz? \u00c7iftli\u011fimiz, \u00fcr\u00fcnlerimizin da\u011f\u0131t\u0131m\u0131n\u0131 yapmak isteyen i\u015f ortaklar\u0131m\u0131z ile daha da b\u00fcy\u00fcmek istiyor. Sutyo.Com ve anla\u015fmal\u0131 \u00e7iftlikleri\u00a0ile \u00e7al\u0131\u015farak y\u00fcksek gelir imkanlar\u0131ndan faydalanmak i\u00e7in bizimle irtibata ge\u00e7ebilirsiniz. G\u00fcnl\u00fck S\u00fct da\u011f\u0131t\u0131m ve sat\u0131\u015f\u0131ndan sorumlu\u00a0yetkililerimiz\u00a0sizinle g\u00f6r\u00fc\u015f\u00fcp\u00a0bilgilerinizi inceleyecek ve \u00a0geri d\u00f6n\u00fc\u015f yaparak, uygun \u00e7al\u0131\u015fma ortam\u0131n\u0131 sa\u011flayacakt\u0131r. A\u015fa\u011f\u0131daki m\u00fc\u015fterimizden gelen ger\u00e7ek bir \u015fikayettir. &hellip; <a href=\"https:\/\/www.sutyo.com\/tr\/irtibat\/\" class=\"more-link\">Okumaya devam et<span class=\"screen-reader-text\"> &#8220;\u0130rtibat&#8221;<\/span><\/a><\/p>","protected":false},"author":1,"featured_media":0,"parent":0,"menu_order":0,"comment_status":"closed","ping_status":"closed","template":"","meta":{"_exactmetrics_skip_tracking":false,"_exactmetrics_sitenote_active":false,"_exactmetrics_sitenote_note":"","_exactmetrics_sitenote_category":0,"footnotes":""},"class_list":["post-6","page","type-page","status-publish","hentry"],"aioseo_notices":[],"_links":{"self":[{"href":"https:\/\/www.sutyo.com\/tr\/wp-json\/wp\/v2\/pages\/6","targetHints":{"allow":["GET"]}}],"collection":[{"href":"https:\/\/www.sutyo.com\/tr\/wp-json\/wp\/v2\/pages"}],"about":[{"href":"https:\/\/www.sutyo.com\/tr\/wp-json\/wp\/v2\/types\/page"}],"author":[{"embeddable":true,"href":"https:\/\/www.sutyo.com\/tr\/wp-json\/wp\/v2\/users\/1"}],"replies":[{"embeddable":true,"href":"https:\/\/www.sutyo.com\/tr\/wp-json\/wp\/v2\/comments?post=6"}],"version-history":[{"count":3,"href":"https:\/\/www.sutyo.com\/tr\/wp-json\/wp\/v2\/pages\/6\/revisions"}],"predecessor-version":[{"id":130,"href":"https:\/\/www.sutyo.com\/tr\/wp-json\/wp\/v2\/pages\/6\/revisions\/130"}],"wp:attachment":[{"href":"https:\/\/www.sutyo.com\/tr\/wp-json\/wp\/v2\/media?parent=6"}],"curies":[{"name":"wp","href":"https:\/\/api.w.org\/{rel}","templated":true}]}}