{"id":50,"date":"2016-12-11T23:29:21","date_gmt":"2016-12-11T23:29:21","guid":{"rendered":"http:\/\/www.sutyo.com\/?page_id=50"},"modified":"2016-12-12T23:30:10","modified_gmt":"2016-12-12T23:30:10","slug":"gunluk-sut","status":"publish","type":"page","link":"https:\/\/www.sutyo.com\/tr\/gunluk-sut\/","title":{"rendered":"G\u00fcnl\u00fck S\u00fct"},"content":{"rendered":"<p>D\u00fcnya &#8216;n\u0131n En \u0130yi Tad\u0131 \u00d6d\u00fcl\u00fc sizce hangi \u00fcr\u00fcne verilmi\u015ftir ? Elbetteki taze s\u0131cak inek s\u00fct\u00fcne !&#8230;<\/p>\n<p><strong>Biz de lezzeti bir \u00f6ncelik olarak ortaya koyduk.<\/strong> So\u011fu\u011fa ay\u0131rma ve so\u011fuk zincir ad\u0131 verilen y\u00f6ntemle, s\u0131cak ay\u0131rmadan daha yumu\u015fak bir s\u00fcre\u00e7 olan, s\u00fct ile lezzetini ay\u0131rmadan ve besin maddelerini muhafaza ederek, minerallerin i\u00e7inde kalmas\u0131na yard\u0131mc\u0131 olan bir sistem kullan\u0131yoruz. S\u00fct\u00fc ne h\u0131zl\u0131 so\u011futuyoruz , ne de h\u0131zl\u0131ca kaynat\u0131yoruz. Kendimiz \u00f6zg\u00fc bu y\u00f6ntemle inekten \u00e7\u0131kt\u0131\u011f\u0131 tazelikte sizlere ula\u015ft\u0131r\u0131yoruz.<br \/>\nKesinlikle Taze!<br \/>\nG\u00fcnl\u00fck S\u00fct, ineklerden sizin tencerenize az fazla 6 saat i\u00e7inde teslim ediliyor. \u0130neklerin sabah sa\u011f\u0131mlar\u0131 08:00 &#8216;de bitiyor, bu esnada uygun h\u0131z ile 2C s\u0131cakl\u0131\u011fa getiriliyor ve teslimat cinsine g\u00f6re amalajlan\u0131yor veya tanklara konuyor, s\u00fct\u00fcn\u00fcz en fazla \u00f6\u011fleden sonra 16:00 &#8216;da elinizde.. Bayilerimizden ertesi g\u00fcn de alabilirsiniz, problem yok \u00e7\u00fcnk\u00fc onlar da so\u011fuk zinciri bozmuyorlar, ve s\u00fct\u00fcn \u00f6zelli\u011fi kaybolmuyor. Ama en g\u00fczeli elbette m\u00fcmk\u00fcn olan en taze s\u00fct\u00fc t\u00fcketmek.<br \/>\nYani s\u00fctlerimiz tamamen do\u011fal&#8230;<\/p>\n<p>\u0130neklerimiz asla yapay b\u00fcy\u00fcme hormonlar\u0131 veya performans yemleri ile beslenmiyor. Y\u00fcksek verimli sanayi tipi ineklerle de\u011fil normal miktarlarda s\u00fct \u00fcreten yerli \u0131rk veya melezleri s\u00fct inekleri ile \u00e7al\u0131\u015f\u0131yoruz. T\u00fcm ineklerimiz ve buza\u011flar 24 saat veteriner hekim kontrol\u00fcndeler. Hasta ineklerimiz mecbur kal\u0131nmad\u0131k\u00e7a , antibiyotik ile tedavi edilmiyorlar. E\u011fer do\u011fum sonras\u0131 vs. gibi nedenlerle antibiyotik kullan\u0131lmak zorunda kal\u0131nd\u0131 ise bu inekler ayr\u0131 b\u00f6lmelerde kal\u0131r, ayr\u0131 olarak sa\u011f\u0131l\u0131r ve s\u00fctleri mutlaka ayr\u0131l\u0131r.<\/p>\n<p>S\u00fct\u00fc bu m\u00fckemmel foto\u011fraf bozulmadan korumak i\u00e7in \u00e7ok h\u0131zl\u0131 hareket ediyoruz.<br \/>\n\u00c7\u00fcnk\u00fc m\u00fc\u015fterilerimiz taze s\u00fct kokusunu seviyor!<\/p>\n<p>M\u00fc\u015fterilerimizin takdir etti\u011fi \u00fcst\u00fcn lezzet bize gurur ve azim veriyor.<\/p>\n<p>\u00c7evre dostu ambalajlar\u0131m\u0131z kesinlikle tekrar kullan\u0131lam\u0131yor ve mutlak hijyen sa\u011fl\u0131yor. Y\u0131kama zorlu\u011fu, tekrar kullan\u0131lana kadar temiz muhafaza edilme s\u0131k\u0131nt\u0131s\u0131\u00a0vs. gibi k\u00fclfetlerden uzak, m\u00fckemmel kolayl\u0131k ve ucuz maliyet sa\u011fl\u0131yor. <em><strong>En sa\u011fl\u0131kl\u0131 ambalaj ile en ucuz teslimat\u0131 sa\u011fl\u0131yoruz<\/strong><\/em>. \u00c7\u00fcnk\u00fc s\u00fctlerimiz sadece birka\u00e7 saat ambalaj i\u00e7erisinde kalmal\u0131,\u00a0lezzet ve aromas\u0131n\u0131n kaybolmamas\u0131 i\u00e7in hemen kaynat\u0131l\u0131p i\u015fleme konulmas\u0131 gerekiyor. Sa\u011flam ve dayan\u0131kl\u0131 ambalajlar hem maliyeti hem de s\u00fct\u00fcm\u00fcz\u00fcn taze t\u00fcketilmesi \u00f6zelli\u011fini bozmaktad\u0131r.<\/p>\n<p>Yeniden kullan\u0131labilir \u015fi\u015feler, veya\u00a0milyonlarcas\u0131n\u0131 \u00e7evrede g\u00f6rd\u00fc\u011f\u00fcm\u00fcz \u00a0kullan\u0131l\u0131p at\u0131lan \u015fi\u015felerden kullanm\u0131yoruz,\u00a0depolama\u00a0sorununu hem kendimiz hem de m\u00fc\u015fterilerimiz i\u00e7in ortadan kald\u0131r\u0131yoruz.<\/p>\n<p>Kendi tenceremde daha lezzetli!<br \/>\n&#8220;Her hafta kap\u0131m\u0131za getirilen bu s\u00fct\u00fcn tencereme bo\u015falt\u0131lmas\u0131na bay\u0131l\u0131yorum. Bu g\u00fcnl\u00fck s\u00fct teslimat tarz\u0131 bana\u00a0nostaljik ama modern bir his veriyor. Bu hissi seviyorum. Dedem bir s\u00fct\u00e7\u00fcd\u00fcr. Eminim torunlar\u0131 ve b\u00fcy\u00fck torunlar\u0131, kap\u0131n\u0131n \u00f6n\u00fcne getirilen s\u00fct\u00fcn tazeli\u011fini be\u011fenmektedir.&#8221;<br \/>\n&#8211;\u00a0Bir m\u00fc\u015fterimiz<\/p>\n<p>En \u0130yi Sat\u0131n Alma!<br \/>\nBu \u015fimdiye kadar i\u00e7ti\u011fim \u00a0en iyi s\u00fct! M\u00fckemmel kalite ve lezzet. En sevdi\u011fim k\u0131s\u0131m, tamamen do\u011fal bir \u00fcr\u00fcn\u00a0olmas\u0131&#8230; \u00e7ocu\u011fuma vererek ve ailece t\u00fcketerek harika hissediyorum.<br \/>\n&#8211;\u00a0Di\u011fer bir m\u00fc\u015fterimiz<\/p>\n<p>Sadece ya\u011fs\u0131z s\u00fctle i\u00e7ece\u011fim.<br \/>\nNormalde ya\u011fdan nefret ederim, sudan ba\u015fka herhangi bir i\u00e7ecek i\u00e7mezdim. \u015eimdi g\u00fcnl\u00fck s\u00fct\u00fcn\u00a0tad\u0131n\u0131 \u00e7\u0131kar\u0131yorum. Daha sa\u011fl\u0131kl\u0131 olman\u0131n yollar\u0131n\u0131 ar\u0131yordum ve taze g\u00fcnl\u00fck s\u00fct\u00fcn\u00a0\u00a0Ya\u011fs\u0131z S\u00fct&#8217;\u00fcn\u00fc denedi\u011fimde amac\u0131ma ula\u015ft\u0131m.<br \/>\n&#8211;\u00a0Di\u011fer bir m\u00fc\u015fterimiz<\/p>","protected":false},"excerpt":{"rendered":"<p>D\u00fcnya &#8216;n\u0131n En \u0130yi Tad\u0131 \u00d6d\u00fcl\u00fc sizce hangi \u00fcr\u00fcne verilmi\u015ftir ? Elbetteki taze s\u0131cak inek s\u00fct\u00fcne !&#8230; Biz de lezzeti bir \u00f6ncelik olarak ortaya koyduk. So\u011fu\u011fa ay\u0131rma ve so\u011fuk zincir ad\u0131 verilen y\u00f6ntemle, s\u0131cak ay\u0131rmadan daha yumu\u015fak bir s\u00fcre\u00e7 olan, s\u00fct ile lezzetini ay\u0131rmadan ve besin maddelerini muhafaza ederek, minerallerin i\u00e7inde kalmas\u0131na yard\u0131mc\u0131 olan bir &hellip; <a href=\"https:\/\/www.sutyo.com\/tr\/gunluk-sut\/\" class=\"more-link\">Okumaya devam et<span class=\"screen-reader-text\"> &#8220;G\u00fcnl\u00fck S\u00fct&#8221;<\/span><\/a><\/p>","protected":false},"author":1,"featured_media":0,"parent":0,"menu_order":2,"comment_status":"closed","ping_status":"closed","template":"","meta":{"_exactmetrics_skip_tracking":false,"_exactmetrics_sitenote_active":false,"_exactmetrics_sitenote_note":"","_exactmetrics_sitenote_category":0,"footnotes":""},"class_list":["post-50","page","type-page","status-publish","hentry"],"aioseo_notices":[],"_links":{"self":[{"href":"https:\/\/www.sutyo.com\/tr\/wp-json\/wp\/v2\/pages\/50","targetHints":{"allow":["GET"]}}],"collection":[{"href":"https:\/\/www.sutyo.com\/tr\/wp-json\/wp\/v2\/pages"}],"about":[{"href":"https:\/\/www.sutyo.com\/tr\/wp-json\/wp\/v2\/types\/page"}],"author":[{"embeddable":true,"href":"https:\/\/www.sutyo.com\/tr\/wp-json\/wp\/v2\/users\/1"}],"replies":[{"embeddable":true,"href":"https:\/\/www.sutyo.com\/tr\/wp-json\/wp\/v2\/comments?post=50"}],"version-history":[{"count":2,"href":"https:\/\/www.sutyo.com\/tr\/wp-json\/wp\/v2\/pages\/50\/revisions"}],"predecessor-version":[{"id":53,"href":"https:\/\/www.sutyo.com\/tr\/wp-json\/wp\/v2\/pages\/50\/revisions\/53"}],"wp:attachment":[{"href":"https:\/\/www.sutyo.com\/tr\/wp-json\/wp\/v2\/media?parent=50"}],"curies":[{"name":"wp","href":"https:\/\/api.w.org\/{rel}","templated":true}]}}