{"id":5,"date":"2016-12-10T23:17:59","date_gmt":"2016-12-10T23:17:59","guid":{"rendered":"http:\/\/www.sutyo.com\/index.php\/blog\/"},"modified":"2017-06-12T08:18:59","modified_gmt":"2017-06-12T08:18:59","slug":"gunluk_sut_satisi","status":"publish","type":"page","link":"https:\/\/www.sutyo.com\/tr\/","title":{"rendered":"Kap\u0131ya Teslim ve Toptan G\u00fcnl\u00fck S\u00fct Sat\u0131\u015f\u0131"},"content":{"rendered":"<h1>Samsun G\u00fcnl\u00fck \u00c7i\u011f S\u00fct<\/h1>\n<p>Samsun Kap\u0131ya Teslim A\u00e7\u0131k S\u00fct ve Toptan G\u00fcnl\u00fck \u00c7i\u011f S\u00fct Sat\u0131\u015f\u0131.<br \/>\n<img decoding=\"async\" class=\"aligncenter\" src=\"http:\/\/www.sutyo.com\/wp-content\/uploads\/2016\/12\/paradok-g\u00fcnl\u00fck-\u00e7i\u011f-s\u00fct-\u00e7iftlikleri.jpg\" alt=\"G\u00fcnl\u00fck S\u00fct \u00c7iftlikleri\" \/><\/p>\n<p>Karadeniz k\u00f6yl\u00fcs\u00fc uzun zamand\u0131r oldu\u011fu gibi g\u00fcn\u00fcm\u00fczde de Samsun Bafra ku\u015f cenneti yak\u0131nlar\u0131ndaki T\u00fcrkiye&#8217;nin en \u00f6nemli ovas\u0131nda g\u00fcnl\u00fck s\u00fct hayvanc\u0131l\u0131\u011f\u0131 yap\u0131yor. Bu ovada yemi yeti\u015fiyor ve bug\u00fcnk\u00fc nesiller y\u0131llar sonra da ayn\u0131 kalitede hayvanc\u0131l\u0131\u011f\u0131 s\u00fcrd\u00fcr\u00fcyor . Bu sayede hala s\u00fct\u00e7\u00fcl\u00fck a\u011f\u0131rl\u0131kl\u0131 olarak b\u00f6lgenin en \u00f6nemli ge\u00e7im kayna\u011f\u0131. S\u00fct\u00e7\u00fcl\u00fc\u011f\u00fcn b\u00f6lge halk\u0131n\u0131n kan\u0131nda oldu\u011funu s\u00f6yleyebiliriz.<\/p>\n<figure id=\"attachment_404\" aria-describedby=\"caption-attachment-404\" style=\"width: 1024px\" class=\"wp-caption aligncenter\"><img loading=\"lazy\" decoding=\"async\" class=\"wp-image-404 size-full\" src=\"http:\/\/www.sutyo.com\/wp-content\/uploads\/2016\/12\/samsun-gunluk-sut-1.png\" alt=\"\u00c7iftlik S\u00fct\u00fc\" width=\"1024\" height=\"452\" srcset=\"https:\/\/www.sutyo.com\/wp-content\/uploads\/2016\/12\/samsun-gunluk-sut-1.png 1024w, https:\/\/www.sutyo.com\/wp-content\/uploads\/2016\/12\/samsun-gunluk-sut-1-400x177.png 400w, https:\/\/www.sutyo.com\/wp-content\/uploads\/2016\/12\/samsun-gunluk-sut-1-300x132.png 300w, https:\/\/www.sutyo.com\/wp-content\/uploads\/2016\/12\/samsun-gunluk-sut-1-768x339.png 768w\" sizes=\"auto, (max-width: 709px) 85vw, (max-width: 909px) 67vw, (max-width: 1362px) 62vw, 840px\" \/><figcaption id=\"caption-attachment-404\" class=\"wp-caption-text\">Samsun G\u00fcnl\u00fck Taze \u00c7i\u011f S\u00fct Sat\u0131\u015f\u0131<\/figcaption><\/figure>\n<p>2010 &#8216;lu y\u0131llardan sonra, b\u00f6lgemizde yedi\u011fimiz g\u0131dan\u0131n kalitesinin,\u00a0 izlenebilirli\u011finin toplumsal bilinirli\u011fi daha fazla g\u00fcndeme geldi\u011finde, Samsun Karak\u00f6y Mevkii yak\u0131nlar\u0131ndaki devletin T\u0130GEM \u00c7iftli\u011findeki inek g\u00f6r\u00fcnt\u00fcleri \u00f6rnek olmaya ve \u00e7evrede benzer stat\u00fcde s\u00fct \u00e7iftlikleri kurulmaya ba\u015fland\u0131.<\/p>\n<p>O zamandan bu yana, kurulan s\u0131\u011f\u0131r \u00e7iftlikleri s\u00fct \u00fcretmeye ve s\u00fct birlikleri ile birlikte \u00fclkemizin s\u00fct ihtiyac\u0131na cevap vermeye ba\u015flad\u0131. T\u00fcrkiye&#8217;nin kuzeyindeki bu geli\u015fme tereya\u011f ve krema gibi di\u011fer tamamlay\u0131c\u0131 \u00fcr\u00fcnler ile birlikte de\u011fer bulmaya, kap\u0131ya teslim ve toptan g\u00fcnl\u00fck s\u00fct da\u011f\u0131t\u0131m\u0131 gelene\u011fini yeniden canland\u0131rd\u0131lar.<\/p>\n<p>\u0130neklerde profesyonel \u00e7iftliklerde kullan\u0131lan Pestisitlerin ve antibiyotiklere kar\u015f\u0131 artan fark\u0131ndal\u0131\u011f\u0131n\u0131n ve inek refah\u0131n\u0131n \u00f6nemsenir hale gelmesi , hijyen standartlar\u0131n\u0131n artan kullan\u0131m\u0131, bu b\u00f6lgedeki \u00e7iftliklerin ve mand\u0131ralar\u0131n \u00fcr\u00fcn serisi i\u00e7in her zamankinden daha fazla talep do\u011furdu. \u00d6zellikle evlerde \u00e7i\u011f s\u00fct kullan\u0131m\u0131n\u0131n artmas\u0131, ev yo\u011furdunun yayg\u0131nla\u015fmas\u0131, taze do\u011fal s\u00fcte olan ilginin artmas\u0131na neden oldu.<\/p>\n<p><strong><em>Bizim taze s\u00fct ve s\u00fct \u00fcr\u00fcnlerimizin\u00a0lezzet ve\u00a0sa\u011fl\u0131k garantisi\u00a0sadece k\u00f6ydeki \u00e7iftliklerimizdeki \u00e7al\u0131\u015fanlar\u0131n, tedarik\u00e7ilerin ve yem kaynaklar\u0131n\u0131n \u00a0geriye do\u011fru\u00a0% 100 izlenebilirli\u011finden geliyor. Samsun&#8217;da s\u00fct ofisinize veya evinize taze s\u00fct almak\u00a0i\u00e7in yerel s\u00fct\u00e7\u00fc ar\u0131yorsan\u0131z ve tedarik zinciri sizin i\u00e7in \u00f6nemli \u00a0ise, \u00a0s\u00fct yapan inekler ne yedi ne i\u00e7ti nereden geldi bilmek istiyorsan\u0131z, o zaman do\u011fru yere geldiniz.<\/em><\/strong><br \/>\nBug\u00fcn, T\u00fcrkiye&#8217;nin geni\u015f bir kesimindeki t\u00fcketiciler, distrib\u00fct\u00f6rler a\u011f\u0131 sayesinde kap\u0131dan g\u00fcnl\u00fck s\u00fct teslimatlar\u0131ndan yararlanabilir. S\u00fct \u00fcr\u00fcnleri s\u00fcpermarketlerden ve ev da\u011f\u0131t\u0131m sa\u011flay\u0131c\u0131lar\u0131ndan do\u011frudan temin edilebiliniyor.<br \/>\nSamsun ilimizde de taze do\u011fal s\u00fct ve s\u00fct \u00fcr\u00fcnleri kap\u0131n\u0131za teslim edilip \u00f6zenle servis edilebiliyor..<br \/>\nE\u015fi benzeri olmayan, karadeniz ineklerinin s\u00fct\u00fc kap\u0131n\u0131zda. Kap\u0131n\u0131za gelen taze s\u00fct ve do\u011fal s\u00fct \u00fcr\u00fcnlerinden daha iyi ne olabilir? Haftada bir, iki veya \u00fc\u00e7 kez, ne s\u0131kl\u0131kta teslimat\u00a0istedi\u011finizi se\u00e7ebilirsiniz. A\u015fa\u011f\u0131daki numaraya bir \u00e7a\u011fr\u0131 atman\u0131z yeterlidir, biz sizinle temasa ge\u00e7ebiliriz.<\/p>\n<p>\u00c7iftli\u011fimizden H\u0131zl\u0131 Teslim :\u00a0<span style=\"line-height: 1.75;\">Do\u011fal \u00fcr\u00fcn da\u011f\u0131t\u0131m \u015febekeleri vas\u0131tas\u0131yla da \u00fcr\u00fcnlerimize sahip olabilirsiniz. \u00c7iftli\u011fimizden direk olarak \u00fcr\u00fcnlerimiz alan organizasyonlar bunlar\u0131 so\u011fuk zinciri bozmadan size ula\u015ft\u0131rabilmektedirler. Bilgi i\u00e7in aray\u0131n\u0131z.<\/span><\/p>\n<p><strong>\u00d6demeler Nas\u0131l<\/strong> ? Toptan m\u00fc\u015fterilerimiz hesaplar\u0131n\u0131 ayl\u0131k veya haftal\u0131k olarak \u00e7ek g\u00f6ndererek , nakit ya da otomatik \u00f6demeyle \u00f6d\u00fcyorlar. S\u00fct\u00e7\u00fcn\u00fcz, ilk \u00f6deme g\u00fcn\u00fcn\u00fczde m\u00fc\u015fteri kar\u015f\u0131lama paketinizle birlikte tamamlanmas\u0131 kolay bir otomatik \u00f6deme formu sa\u011flayacakt\u0131r. NOT: Bu otomatik \u00f6deme formu, web sitesinde bulunan kaynaklar sayfas\u0131ndan da indirilebilir.<\/p>\n<p>Kap\u0131dan teslimatlar i\u00e7in yukar\u0131daki numaray\u0131 araman\u0131z yeterlidir.<br \/>\nSamsun genelinde kap\u0131dan teslimatlar\u0131 ba\u015flatmak i\u00e7in 24\u00a0saat \u00f6nceden haber vermeniz gerekiyor. Bu y\u00fczden l\u00fctfen ad\u0131n\u0131z\u0131 ve adres bilgilerinizi ve g\u00fcnd\u00fcz telefon numaran\u0131z\u0131 bizlere ula\u015ft\u0131rd\u0131\u011f\u0131n\u0131zdan emin olunuz. Ekibimizden biri mutlaka sizinle irtibata ge\u00e7ecek ve ihtiya\u00e7lar\u0131n\u0131z hakk\u0131nda sohbet edecektir. Perakende \u00f6demeler teslimat esnas\u0131nda nakit olarak yap\u0131lmaktad\u0131r.<\/p>\n<p>E\u011fer mevcut s\u00fct m\u00fc\u015fterimiz iseniz, d\u00fczenli olarak kap\u0131n\u0131zdan teslim ald\u0131\u011f\u0131n\u0131z halde, d\u00fczenli sipari\u015f periyodunuzu de\u011fi\u015ftirmek isterseniz, ad\u0131n\u0131z\u0131, adresinizi ve telefon bilgilerinizi ekleyerek bize mesaj veya mail atabilirsiniz. Telefonla g\u00f6r\u00fc\u015fmemiz ve onaylamam\u0131z sonras\u0131nda sipari\u015finiz de\u011fi\u015ftirilecektir.<br \/>\nAlternatif olarak 0532 7906861 numaral\u0131 telefondan da bizi arayabilirsiniz.<\/p>","protected":false},"excerpt":{"rendered":"<p>Samsun G\u00fcnl\u00fck \u00c7i\u011f S\u00fct Samsun Kap\u0131ya Teslim A\u00e7\u0131k S\u00fct ve Toptan G\u00fcnl\u00fck \u00c7i\u011f S\u00fct Sat\u0131\u015f\u0131. Karadeniz k\u00f6yl\u00fcs\u00fc uzun zamand\u0131r oldu\u011fu gibi g\u00fcn\u00fcm\u00fczde de Samsun Bafra ku\u015f cenneti yak\u0131nlar\u0131ndaki T\u00fcrkiye&#8217;nin en \u00f6nemli ovas\u0131nda g\u00fcnl\u00fck s\u00fct hayvanc\u0131l\u0131\u011f\u0131 yap\u0131yor. Bu ovada yemi yeti\u015fiyor ve bug\u00fcnk\u00fc nesiller y\u0131llar sonra da ayn\u0131 kalitede hayvanc\u0131l\u0131\u011f\u0131 s\u00fcrd\u00fcr\u00fcyor . Bu sayede hala s\u00fct\u00e7\u00fcl\u00fck &hellip; <a href=\"https:\/\/www.sutyo.com\/tr\/\" class=\"more-link\">Okumaya devam et<span class=\"screen-reader-text\"> &#8220;Kap\u0131ya Teslim ve Toptan G\u00fcnl\u00fck S\u00fct Sat\u0131\u015f\u0131&#8221;<\/span><\/a><\/p>","protected":false},"author":1,"featured_media":0,"parent":0,"menu_order":0,"comment_status":"open","ping_status":"closed","template":"","meta":{"_exactmetrics_skip_tracking":false,"_exactmetrics_sitenote_active":false,"_exactmetrics_sitenote_note":"","_exactmetrics_sitenote_category":0,"footnotes":""},"class_list":["post-5","page","type-page","status-publish","hentry"],"aioseo_notices":[],"_links":{"self":[{"href":"https:\/\/www.sutyo.com\/tr\/wp-json\/wp\/v2\/pages\/5","targetHints":{"allow":["GET"]}}],"collection":[{"href":"https:\/\/www.sutyo.com\/tr\/wp-json\/wp\/v2\/pages"}],"about":[{"href":"https:\/\/www.sutyo.com\/tr\/wp-json\/wp\/v2\/types\/page"}],"author":[{"embeddable":true,"href":"https:\/\/www.sutyo.com\/tr\/wp-json\/wp\/v2\/users\/1"}],"replies":[{"embeddable":true,"href":"https:\/\/www.sutyo.com\/tr\/wp-json\/wp\/v2\/comments?post=5"}],"version-history":[{"count":13,"href":"https:\/\/www.sutyo.com\/tr\/wp-json\/wp\/v2\/pages\/5\/revisions"}],"predecessor-version":[{"id":1063,"href":"https:\/\/www.sutyo.com\/tr\/wp-json\/wp\/v2\/pages\/5\/revisions\/1063"}],"wp:attachment":[{"href":"https:\/\/www.sutyo.com\/tr\/wp-json\/wp\/v2\/media?parent=5"}],"curies":[{"name":"wp","href":"https:\/\/api.w.org\/{rel}","templated":true}]}}