{"id":1525,"date":"2020-04-26T06:25:13","date_gmt":"2020-04-26T06:25:13","guid":{"rendered":"http:\/\/www.sutyo.com\/?page_id=1525"},"modified":"2020-04-26T06:25:13","modified_gmt":"2020-04-26T06:25:13","slug":"manda-tereyagi","status":"publish","type":"page","link":"https:\/\/www.sutyo.com\/tr\/manda-tereyagi\/","title":{"rendered":"Manda Tereya\u011f\u0131"},"content":{"rendered":"<h1 style=\"text-align: center;\">Tereya\u011f\u0131nda bir \u00fcst seviye<br \/>\nMANDA TEREYA\u011eI<\/h1>\n<p>Laktoz ve kolesterol i\u00e7eri\u011fi daha d\u00fc\u015f\u00fck, buna kar\u015f\u0131l\u0131k besin de\u011feri zengin manda s\u00fct\u00fcnden elde edilen tereya\u011f\u0131 da \u00f6zel bir g\u0131dad\u0131r<br \/>\nManda Tereya\u011f\u0131 eklendi\u011fi yemekleri ve soslar\u0131 da e\u015fsiz lezzetiyle ta\u00e7land\u0131r\u0131yor.<\/p>\n<p>\u0130\u00e7eri\u011findeki K2 vitamini sayesinde metabolizman\u0131n kalsiyumun de\u011ferlendirilmesini sa\u011flar.<br \/>\nKemik ve di\u015fler i\u00e7in hayati olan kalsiyum, K2 vitamini eksikli\u011finde g\u00f6rev yapamaz.<br \/>\nYa\u015f\u0131 ilerlemi\u015f kimseler i\u00e7in kemik erimesi riskini manda tereya\u011f\u0131 a\u015fa\u011f\u0131ya \u00e7eker, \u00e7ocuklar\u0131n kemik geli\u015fimini de destekler.<br \/>\nManda tereya\u011f\u0131n\u0131n kalp krizi riskini %69 oran\u0131nda azaltt\u0131\u011f\u0131 bilinmektedir.<br \/>\nYeterli ve d\u00fczenli manda tereya\u011f\u0131 t\u00fcketimi obezite ve \u015feker hastal\u0131\u011f\u0131yla m\u00fccadelede yard\u0131mc\u0131 rol \u00fcstlenir.<\/p>\n<p>&nbsp;<\/p>\n<p>D\u00fcnya hayvansal s\u00fct \u00fcretimi inek, manda, ke\u00e7i, koyun ve deveden elde edilir, manda s\u00fct\u00fc inek s\u00fct\u00fcnden sonra en \u00e7ok t\u00fcketilen ikinci hayvan s\u00fct\u00fc \u00e7e\u015fitidir.<br \/>\n\u0130nek s\u00fct\u00fcne benzer \u015fekilde , mandadan elde edilen s\u00fct\u00fcn besin de\u011ferleri y\u00fcksektir ve tereya\u011f\u0131, yo\u011furt, peynir ve dondurma gibi s\u00fct \u00fcr\u00fcnleri \u00fcretmek i\u00e7in kullan\u0131l\u0131r.<br \/>\nBu sayfada, T\u00fcrkiye&#8217;de ve D\u00fcnyada \u00fcretilen manda s\u00fct\u00fcn\u00fcn faydalar\u0131 ve dezavantajlar\u0131 ile inek s\u00fct\u00fc ile kar\u015f\u0131la\u015ft\u0131r\u0131lmas\u0131 incelenmekte, fayda ve zararlar\u0131 g\u00f6zden ge\u00e7irilmektedir.<\/p>\n<p>Manda s\u00fct\u00fc nas\u0131l elde edilir ?<br \/>\nManda\u00a0 veya fenbilimleri ad\u0131yla Bubalus bubalis\u00a0 \u00a0memeli hayvanlard\u0131r, bu meme bezleri yavrular\u0131n\u0131 beslemek i\u00e7in s\u00fct \u00fcrettikleri anlam\u0131na gelir. Bir\u00e7ok\u00a0 \u00fclkede ticari ama\u00e7l\u0131 olarak beslenir ve sa\u011f\u0131mlanarak s\u00fct \u00fcrettirilirler.<\/p>\n<p>Bir\u00e7ok manda \u00e7e\u015fidi olmas\u0131na ra\u011fmen, su mandas\u0131 d\u00fcnyan\u0131n s\u00fct \u00fcretimine en fazla katk\u0131da bulunan cinsidir. T\u00fcrkiye &#8216;de \u00f6zellikle batakl\u0131k olan b\u00f6lgelerde yeti\u015ftirilmektedirler.<\/p>\n<p>Su bufalolar\u0131 nehir ve batakl\u0131k tiplerine ayr\u0131lm\u0131\u015ft\u0131r. Nehir mandas\u0131 s\u00fct \u00fcretiminin \u00e7o\u011funu olu\u015ftururken, batakl\u0131k mandas\u0131 esas olarak taslak hayvan olarak kullan\u0131lmaktad\u0131r .<\/p>\n<p>Hindistan ve Pakistan, d\u00fcnyadaki t\u00fcm manda s\u00fct\u00fcn\u00fcn yakla\u015f\u0131k% 80&#8217;ini \u00fcretmekte, bunu \u00c7in, M\u0131s\u0131r ve Nepal izlemektedir ve bu \u00fclkelerde ineklerden daha fazla s\u00fct mandas\u0131 bulunmakta, yayg\u0131n olarak beslenmektedir.<\/p>\n<p>Ayr\u0131ca s\u00fct s\u0131\u011f\u0131rlar\u0131n\u0131n Akdeniz&#8217;de, \u00f6zellikle de s\u00fctlerinin a\u011f\u0131rl\u0131kl\u0131 olarak peynir yapmak i\u00e7in kullan\u0131ld\u0131\u011f\u0131 \u0130talya&#8217;da bulunur. \u0130talya mandalardan elde etti\u011fi s\u00fct miktar\u0131 g\u00f6z \u00f6n\u00fcne al\u0131nd\u0131\u011f\u0131nda D\u00fcnyada \u00f6ne \u00e7\u0131kmaktad\u0131r.<\/p>\n<p>Manda s\u00fct\u00fc, y\u00fcksek bir protein ve ya\u011f i\u00e7eri\u011fine sahiptir, bu da tereya\u011f\u0131, krema ve yo\u011furt \u00fcretmek i\u00e7in m\u00fckemmel olan zengin ve kremsi bir doku verir .<\/p>\n<p>\u0130\u015fte bilmedi\u011finiz baz\u0131 manda s\u00fct\u00fc faydalar\u0131:<br \/>\nKalp sa\u011fl\u0131\u011f\u0131. Manda s\u00fct\u00fc asl\u0131nda genel kalp sa\u011fl\u0131\u011f\u0131n\u0131z i\u00e7in \u00e7ok faydal\u0131 olabilir. &#8230;<br \/>\nKemik G\u00fcc\u00fc. Manda s\u00fct\u00fc zengin bir kalsiyum kayna\u011f\u0131d\u0131r. &#8230;<br \/>\nKan Bas\u0131nc\u0131n\u0131 D\u00fczenler. &#8230;<br \/>\nB\u00fcy\u00fck Protein Kayna\u011f\u0131. &#8230;<br \/>\nCilt Sa\u011fl\u0131\u011f\u0131n\u0131 Art\u0131r\u0131r.<br \/>\nManda S\u00fct\u00fc ve Tereya\u011f\u0131n \u0130steyebilece\u011fi 5 \u0130nan\u0131lmaz Faydas\u0131 d\u00fcnyada \u00e7ok incelenmi\u015f ve d\u00fcnya yiyecek-i\u00e7ecek sekt\u00f6r\u00fcn\u00fcn ifadesi usefood &#8216;da 5 \u00f6enmli g\u0131da makalesinde ayr\u0131nt\u0131l\u0131 anlat\u0131lm\u0131\u015ft\u0131r.<br \/>\nGeri bildirim olarak m\u00fc\u015fteri ve kullanan ki\u015flerin yorumlar\u0131 do\u011frultusunda \u00d6ne \u00c7\u0131kt\u0131 Snippet&#8217;ler Hakk\u0131nda bir\u00e7ok yorum ve de\u011ferlendirmeler yaz\u0131lm\u0131\u015ft\u0131r.<br \/>\nKullan\u0131c\u0131lar foto\u011fraflar\u0131 da sorgular aras\u0131nda yer alm\u0131\u015ft\u0131r. A\u015fa\u011f\u0131daki sorular t\u00fcketicilere sorulmu\u015ftur.<br \/>\nManda s\u00fct\u00fc sizin i\u00e7in iyi mi?<br \/>\nManda s\u00fct\u00fc sizin i\u00e7in neden iyi de\u011fil?<br \/>\nManda s\u00fct\u00fc kilo mu artt\u0131r\u0131r?<br \/>\nManda s\u00fct\u00fc neden tercih edilir?<br \/>\nManda s\u00fct\u00fc ve tereya\u011f\u0131 t\u00fcketen ki\u015filerden geri bildirimler toplanm\u0131\u015f ve web sonu\u00e7lar\u0131 a\u00e7\u0131klanm\u0131\u015ft\u0131r.<br \/>\nBaz\u0131 internet kaynaklar\u0131nda payla\u015f\u0131lm\u0131\u015ft\u0131r.<br \/>\nManda S\u00fct\u00fc ve Tereya\u011f: Beslenme, Yararlar\u0131 ve Nas\u0131l Kar\u015f\u0131la\u015ft\u0131r\u0131l\u0131r?Beslenme uzmanlar\u0131 online merkezinde.<br \/>\nManda S\u00fct\u00fc ve Tereya\u011f\u0131 En Lezzeti Ya\u011fd\u0131r sonucu ortak karar olarak yay\u0131nlanm\u0131\u015ft\u0131r.<br \/>\n\u0130nek s\u00fct\u00fcnde oldu\u011fu gibi manda s\u00fct\u00fcn\u00fcn besin de\u011feri y\u00fcksektir ve tereya\u011f\u0131, yo\u011furt, peynir ve dondurma gibi s\u00fct \u00fcr\u00fcnleri \u00fcretmek i\u00e7in kullan\u0131l\u0131r.<br \/>\nTemel bilgiler, Kar\u015f\u0131la\u015ft\u0131rma , Yararlar\u0131 hakk\u0131nda binlerce sayfa makale vard\u0131r.<br \/>\nNeden Manda S\u00fct\u00fc ve Tereya\u011f\u0131? &#8211; Lagos Buffalo Dairy lagos buffalos dairy ba\u015fl\u0131\u011f\u0131 ile literat\u00fcrde yer bulmu\u015ftur.<br \/>\nManda S\u00fct\u00fc ve Tereya\u011f\u0131 En Lezzeti Ya\u011fd\u0131r.<br \/>\nManda s\u00fct\u00fcn\u00fcn pi\u015firilmesi i\u00e7in bir\u00e7ok faydas\u0131 vard\u0131r. Ya\u011f bak\u0131m\u0131ndan zengindir, bu da onu kremsi ve kal\u0131n yapan \u015feydir. Ayr\u0131ca di\u011fer s\u00fct \u00e7e\u015fitlerinden daha uzun s\u00fcre korur ve &#8230;<br \/>\nManda S\u00fct\u00fc ve Tereya\u011f\u0131n\u00fcn 5 Faydas\u0131 Organik Ger\u00e7ekler sitesinde de yer alm\u0131\u015ft\u0131r.<br \/>\nManda S\u00fct\u00fc ve Tereya\u011f\u0131 En Lezzeti Ya\u011fd\u0131r.<br \/>\nKremal\u0131 f\u0131st\u0131k ezmesi \u00fczerine \u00e7\u00f6kmekte olan bir \u00e7ikolata tabakas\u0131 bazen ihtiyac\u0131n\u0131z olan tek \u015fey. Tatl\u0131 isteklerinizi yerine getirmenin kolay bir yoludur.<br \/>\nNas\u0131l yap\u0131laca\u011f\u0131n\u0131 ustalarda kontrol edin bo\u015f zamanlar\u0131n\u0131zda ayr\u0131nt\u0131lar\u0131 \u00f6\u011frenmeye \u00e7al\u0131\u015fs\u0131n.<br \/>\nManda S\u00fct\u00fc ve Tereya\u011f , Manda S\u00fct\u00fc ve Tereya\u011f\u0131n\u00fcn Faydalar\u0131 , Ba\u011f\u0131\u015f\u0131kl\u0131\u011f\u0131 Art\u0131r\u0131r ara\u015ft\u0131rmalar\u0131 web sayfalar\u0131nda \u00e7ok s\u0131kl\u0131kta yer alnm\u0131\u015f kullan\u0131c\u0131lar\u0131n be\u011fenisini kazanan \u00fcr\u00fcnler \u00f6n plana \u00e7\u0131km\u0131\u015ft\u0131r.<br \/>\nManda S\u00fct\u00fc ve Tereya\u011f vs \u0130nek S\u00fct\u00fc &#8211; Fark ve Kar\u015f\u0131la\u015ft\u0131rma ara\u015ft\u0131rmalar\u0131 sonucu ortaya \u00e7\u0131kan farklar ayr\u0131 bir makalede a\u00e7\u0131klanm\u0131\u015ft\u0131r.<br \/>\nManda S\u00fct\u00fc ve Tereya\u011f\u0131 En Lezzeti Ya\u011fd\u0131r.<br \/>\nSa\u011fl\u0131k yararlar\u0131 i\u00e7indir ge\u00e7 kal\u0131nm\u0131\u015f bir lezzettir. D\u00fcnyada \u00e7ok az manda vard\u0131r.<br \/>\n\u0130nek s\u00fct\u00fc \u00e7e\u015fitli mineraller, vitaminler ve proteinler a\u00e7\u0131s\u0131ndan zengindir, ayn\u0131 zamanda m\u00fckemmel bir kalsiyum kayna\u011f\u0131d\u0131r. Sa\u011fl\u0131k yararlar\u0131, Daha az de\u011fildir ancak manda s\u00fct\u00fc kesinlikle daha fazla fayda ve yarar i\u00e7ermektedir.<br \/>\nManda S\u00fct\u00fc ve Tereya\u011f\u0131n\u0131 genel bak\u0131\u015f ile ele alan fenbilim konular\u0131 Manda S\u00fct\u00fc ve Tereya\u011f\u0131n\u0131 En Lezzetli Ya\u011flar aras\u0131nda \u00f6n s\u0131ralara yerle\u015ftirmi\u015ftir.<br \/>\nManda s\u00fct\u00fcnden yap\u0131lan tereya\u011f\u0131, daha y\u00fcksek seviyelerinden dolay\u0131 inek s\u00fct\u00fcnden daha zorlu bir i\u015flemdir<br \/>\nManda Peyniri, s\u00fctlerin so\u011futman\u0131n yayg\u0131n olmad\u0131\u011f\u0131 alanlara , s\u00fct\u00fcn muhafaza edilemedi\u011fi yerlerde \u00f6zellikle fayda sa\u011flayarak metabolizmay\u0131 \u00e7al\u0131\u015ft\u0131rmaktad\u0131r.<br \/>\nManda S\u00fct\u00fc ve Tereya\u011f\u0131 ger\u00e7ekler ve sa\u011fl\u0131k yararlar\u0131 , sa\u011fl\u0131k faydalar\u0131 sa\u011fl\u0131k kurulu\u015flar\u0131n\u0131n raporlar\u0131nda ve bilimsel incelemelerinde yer almaktad\u0131r.<br \/>\nManda S\u00fct\u00fc ve Tereya\u011f\u0131 En Lezzeti Ya\u011fd\u0131r.<br \/>\nSon derece besleyici oldu\u011fundan, kalsiyum ve protein bak\u0131m\u0131ndan inek s\u00fct\u00fcnden daha zengindir ve daha az kolesterol ve sodyum i\u00e7erir.<br \/>\nManda S\u00fct\u00fc ve Tereya\u011f\u0131 sa\u011fl\u0131kl\u0131 kemikler i\u00e7in harika bir besin kayna\u011f\u0131d\u0131r. Sa\u011fl\u0131k yararlar\u0131: Sirk\u00fclasyon, Ba\u011f\u0131\u015f\u0131kl\u0131k Sistemini geli\u015ftiren ba\u015fl\u0131ca besinlerdendir yani toplam Ya\u011f (% 48.03); Kalsiyum \u015feklinde devam eder.<br \/>\nKalori: 237 Kcal.\/cup<br \/>\nManda S\u00fct\u00fc ve Tereya\u011f\u0131n\u00fcn Sa\u011fl\u0131k \u00dczerindeki Potansiyel Faydalar\u0131 &#8211; Manda Hayvan\u0131 Hakk\u0131nda Ger\u00e7ekler ba\u015fl\u0131klar\u0131 da internet \u00fczerinde manda tereya\u011f\u0131 hakk\u0131nda ayr\u0131nt\u0131l\u0131 bilgiye ula\u015f\u0131labilecek kaynak ba\u015fl\u0131klar\u0131 aras\u0131ndad\u0131r.<br \/>\nManda S\u00fct\u00fc ve Tereya\u011f\u0131 En Lezzeti Hayvansal Ya\u011fd\u0131r.<br \/>\nManda s\u00fct\u00fc \u00e7o\u011funlukla peynir, lor, dondurma, tereya\u011f\u0131 gibi s\u00fct \u00fcr\u00fcnlerinin yap\u0131m\u0131nda kullan\u0131l\u0131r. Bu nedenle, bu makale benzer \u00fcr\u00fcnlerin insan metabolizmas\u0131 i\u00e7in olan beslenme i\u00e7eri\u011fine odaklanmaktad\u0131r.<br \/>\nHayvansal ya\u011flar hakk\u0131nda ger\u00e7ekler ve avantajlar\u0131 olarak incelenmektedir.<br \/>\nManda S\u00fct\u00fc ve Tereya\u011f\u0131 En Lezzeti Ya\u011fd\u0131r. Ghee veya s\u00fctten yap\u0131lan ar\u0131t\u0131lm\u0131\u015f tereya\u011f\u0131 g\u00fcnl\u00fck hayat\u0131m\u0131zda \u00f6nemli bir role sahiptir. Kutsal kabul edilir ve ibadet s\u0131ras\u0131nda farkl\u0131 tanr\u0131lara sunulur.<br \/>\nFarkl\u0131 inan\u0131\u015f ve k\u00fclt\u00fcrlerde s\u0131\u011f\u0131r ve manda gibi hayvanlar\u0131n de\u011fi\u015fik anlamlar\u0131 vard\u0131r. Saf tereya\u011f kullan\u0131m\u0131 da baz\u0131 toplumlarda \u00e7ok yayg\u0131nd\u0131r ve saf tereya\u011f t\u00fcketimi \u00f6zendirilen bir yakla\u015f\u0131md\u0131r.<br \/>\nManda S\u00fct\u00fc ve Tereya\u011f Vs Ke\u00e7i S\u00fct\u00fc ve Tereya\u011f: Hi\u00e7 Hangisi Daha \u0130yi Merak ettiniz mi, herikisine de inceleyen besin de\u011ferlerini kar\u015f\u0131la\u015ft\u0131ran yaz\u0131lar mevcuttur.<br \/>\nManda S\u00fct\u00fc ve Tereya\u011f\u0131 En Lezzeti Ya\u011fd\u0131r.S\u00fct harika bir D vitamini ve kalsiyum kayna\u011f\u0131d\u0131r. V\u00fccudunuzun ihtiyac\u0131 olan her \u015fey ile tam bir yemek olarak kabul edilir. Ayr\u0131ca kalori yakmaya yard\u0131mc\u0131 olur.<br \/>\n&#8230;<\/p>","protected":false},"excerpt":{"rendered":"<p>Tereya\u011f\u0131nda bir \u00fcst seviye MANDA TEREYA\u011eI Laktoz ve kolesterol i\u00e7eri\u011fi daha d\u00fc\u015f\u00fck, buna kar\u015f\u0131l\u0131k besin de\u011feri zengin manda s\u00fct\u00fcnden elde edilen tereya\u011f\u0131 da \u00f6zel bir g\u0131dad\u0131r Manda Tereya\u011f\u0131 eklendi\u011fi yemekleri ve soslar\u0131 da e\u015fsiz lezzetiyle ta\u00e7land\u0131r\u0131yor. \u0130\u00e7eri\u011findeki K2 vitamini sayesinde metabolizman\u0131n kalsiyumun de\u011ferlendirilmesini sa\u011flar. Kemik ve di\u015fler i\u00e7in hayati olan kalsiyum, K2 vitamini eksikli\u011finde g\u00f6rev &hellip; <a href=\"https:\/\/www.sutyo.com\/tr\/manda-tereyagi\/\" class=\"more-link\">Okumaya devam et<span class=\"screen-reader-text\"> &#8220;Manda Tereya\u011f\u0131&#8221;<\/span><\/a><\/p>","protected":false},"author":1,"featured_media":0,"parent":0,"menu_order":0,"comment_status":"closed","ping_status":"closed","template":"","meta":{"_exactmetrics_skip_tracking":false,"_exactmetrics_sitenote_active":false,"_exactmetrics_sitenote_note":"","_exactmetrics_sitenote_category":0,"footnotes":""},"class_list":["post-1525","page","type-page","status-publish","hentry"],"aioseo_notices":[],"_links":{"self":[{"href":"https:\/\/www.sutyo.com\/tr\/wp-json\/wp\/v2\/pages\/1525","targetHints":{"allow":["GET"]}}],"collection":[{"href":"https:\/\/www.sutyo.com\/tr\/wp-json\/wp\/v2\/pages"}],"about":[{"href":"https:\/\/www.sutyo.com\/tr\/wp-json\/wp\/v2\/types\/page"}],"author":[{"embeddable":true,"href":"https:\/\/www.sutyo.com\/tr\/wp-json\/wp\/v2\/users\/1"}],"replies":[{"embeddable":true,"href":"https:\/\/www.sutyo.com\/tr\/wp-json\/wp\/v2\/comments?post=1525"}],"version-history":[{"count":1,"href":"https:\/\/www.sutyo.com\/tr\/wp-json\/wp\/v2\/pages\/1525\/revisions"}],"predecessor-version":[{"id":1526,"href":"https:\/\/www.sutyo.com\/tr\/wp-json\/wp\/v2\/pages\/1525\/revisions\/1526"}],"wp:attachment":[{"href":"https:\/\/www.sutyo.com\/tr\/wp-json\/wp\/v2\/media?parent=1525"}],"curies":[{"name":"wp","href":"https:\/\/api.w.org\/{rel}","templated":true}]}}