{"id":1464,"date":"2019-11-14T19:29:04","date_gmt":"2019-11-14T19:29:04","guid":{"rendered":"http:\/\/www.sutyo.com\/?page_id=1464"},"modified":"2019-11-15T04:40:31","modified_gmt":"2019-11-15T04:40:31","slug":"karadeniz-dogal","status":"publish","type":"page","link":"https:\/\/www.sutyo.com\/tr\/karadeniz-dogal\/","title":{"rendered":"Karadeniz Do\u011fal"},"content":{"rendered":"<p>Karadeniz Do\u011fal a\u00e7\u0131ld\u0131, art\u0131k g\u00f6n\u00fcl rahatl\u0131\u011f\u0131yla \u00e7iftlikten direk s\u00fct \u00fcr\u00fcnleri sat\u0131n alabilirsiniz.<\/p>\n<p><img loading=\"lazy\" decoding=\"async\" class=\"aligncenter wp-image-1465 size-full\" src=\"http:\/\/www.sutyo.com\/wp-content\/uploads\/2019\/11\/KARADEN\u0130Z-DO\u011eAL.gif\" alt=\"\" width=\"500\" height=\"334\" \/><\/p>\n<p>&nbsp;<\/p>\n<p>\u00c7iftli\u011fimizde \u00fcretilen s\u00fctler derhal, \u2013 taze taze -, tereya\u011f \u00fcretim hatt\u0131m\u0131za y\u00f6nlendirilmektedir. \u00dcretilen s\u00fct\u00fcn tamam\u0131 ayn\u0131 g\u00fcn i\u015flenmektedir.\u00a0<em><strong>Bu imkan \u00fcr\u00fcnlerimizin tazeli\u011fi ve kalitesi bak\u0131m\u0131ndan bizi rakipsiz k\u0131lmaktad\u0131r<\/strong><\/em>. Y\u00f6resel lezzet ve b\u00f6lgesel yetenek\u00a0<em><strong>k\u00f6y \u00e7iftli\u011fimiz<\/strong><\/em>de\u00a0<strong><em>son\u00a0<\/em><\/strong><em><strong>teknoloji<\/strong><\/em>\u00a0\u00fcr\u00fcn\u00fc hijyen ko\u015fullar\u0131 ile birle\u015ftirilmektedir.<\/p>\n<p>Karadeniz Do\u011fal S\u00fct olarak hedefimiz, toplum i\u00e7in etik ve s\u00fcrd\u00fcr\u00fclebilir bir \u015fekilde s\u00fct \u00fcretmektir. Biz m\u00fctevazi 6 hektarl\u0131k \u00f6zelli\u011fimizde 13 ine\u011fe sahip k\u00fc\u00e7\u00fck \u00f6l\u00e7ekli, aile i\u015fletmesi, mikro s\u00fct \u00fcr\u00fcnleriyiz.<\/p>\n<p>S\u00fct\u00fcm\u00fcz i\u00e7in cam \u015fi\u015feler kullanarak \u00e7evreye yard\u0131mc\u0131 olmak i\u00e7in k\u00fc\u00e7\u00fck ambalajlar halinde \u00fcretim yapmaya gaytet sarfediyoruz. S\u00fct\u00fcn\u00fcz\u00fcn en az zararla past\u00f6rize edilmesi, m\u00fc\u015fterilerimiz i\u00e7in g\u00fcvenli bir \u00fcr\u00fcn sa\u011flarken, s\u00fctte iyili\u011fin korunmas\u0131na yard\u0131mc\u0131 olur. <em><strong>\u00c7\u00fcnk\u00fc m\u00fc\u015fterilerimiz kendileri yaparken \u00e7ok y\u00fcksek s\u0131cakl\u0131klarda ve yava\u015f yava\u015f \u0131s\u0131tma i\u015flemi uyguluyorlar. Bu y\u00f6ntem hem bakterilerin ya\u015famas\u0131na imkan sa\u011fl\u0131yor hem de s\u00fct\u00fcn i\u00e7indeki faydal\u0131 bakterileri \u00f6ld\u00fcr\u00fcyor.Fark\u0131nda olmadan sa\u011fl\u0131ks\u0131z hale getirmi\u015f oluyorlar.<\/strong><\/em><\/p>\n<p>Yiyeceklerimizin nereden geldi\u011fini ve kimin \u00fcretti\u011fini bilmek, toplumun uzakla\u015ft\u0131\u011f\u0131 bir \u015feydir, ancak onu geri getiren hareketin bir par\u00e7as\u0131 olmak istiyoruz.\u00a0 Ziyaret\u00e7iler i\u00e7in Paradok \u00e7iftliklerimiz her zaman a\u00e7\u0131kt\u0131r ve ma\u011fazam\u0131zda \u00fcr\u00fcnlerimiz\u00a0 her g\u00fcn mevcuttur.<\/p>\n<p>Neredeyiz?<br \/>\nDo\u011fal S\u00fct, Karadeniz B\u00f6lgesi&#8217;ndeki K\u0131z\u0131l\u0131rmak Deltas\u0131na yak\u0131n birb\u00f6lgede\u00a0 yer almaktad\u0131r. 19 May\u0131s il\u00e7esinden Bafraya&#8217;ya do\u011fru \u015fehir d\u0131\u015f\u0131na arabayla sadece 5 dakikada ula\u015f\u0131rs\u0131n\u0131z ve rahat d\u00fcz bir yol ile \u00e7iftli\u011fimize ula\u015ft\u0131n\u0131z.<\/p>\n<p>K\u0131z\u0131l\u0131rmak Deltas\u0131 B\u00f6lgesi zaten muhte\u015fem yerel yemekler, i\u00e7ecekler ve manzaralarla doludur ve bu g\u00f6r\u00fcnt\u00fcn\u00fcn \u00fczerinde b\u00f6lgede ya\u015fayan ku\u015flar\u0131n do\u011fal hayat\u0131n\u0131n\u00a0 bir par\u00e7as\u0131 olman\u0131z\u0131 isteriz.<\/p>\n<p>S\u00fct yerel da\u011f\u0131t\u0131m ekibimiz ve Atakum &#8216;daki ba\u011flant\u0131m\u0131z olan Birtat S\u00fct \u00fcr\u00fcnleri ve olan Atakum \u00e7ift\u00e7i\u00a0 pazar\u0131ndaki temsilcilerimizden tedarik edilecek ve kap\u0131n\u0131za getirilecektir. Siz yeter ki arzu edin..<\/p>\n<p>Hayvan refah\u0131<br \/>\nHayvan refah\u0131 bizim i\u00e7in son derece \u00f6nemlidir. Buza\u011f\u0131 i\u015f\u00e7ili\u011fi ile inek pratik yap\u0131yoruz. Bu, anneleri ve bebekleri bir arada tutmak anlam\u0131na gelir. Geleneksel olarak geleneksel \u00e7iftliklerdeki buza\u011f\u0131lar, do\u011fumda annelerinden, inekler ve buza\u011f\u0131lar i\u00e7in do\u011fal olmayan ve duygusal olarak travmatik olan annelerinden \u00e7\u0131kar\u0131l\u0131r. \u0130nekler do\u011fal anneler!<\/p>\n<p>Hem erkek hem de di\u015fi buza\u011f\u0131 tutuyoruz, bu nedenle bobby buza\u011f\u0131 end\u00fcstrisini desteklemiyoruz. \u015eimdiye kadar geleneksel yoldan tar\u0131m yapt\u0131k, bu bizim i\u00e7in yeni bir tar\u0131m y\u00f6ntemi. Zor olacak, ama dik bir \u00f6\u011frenme e\u011frisi i\u00e7in haz\u0131r\u0131z.<\/p>\n<p>\u00c7evre, ortam<br \/>\nDo\u011fa ile \u00e7al\u0131\u015fmak Do\u011fal S\u00fct&#8217;\u00fcn konusu. Kimyasallar ve sentetik g\u00fcbreler yerine kompost kullanmak bize do\u011fru geliyor.<\/p>\n<p>\u0130ki y\u0131l \u00f6nce \u00e7iftli\u011fimizi sat\u0131n ald\u0131ktan sonra, harika g\u00f6r\u00fcnmesi ve ineklerimiz i\u00e7in sundurma yapt\u0131rmas\u0131 i\u00e7in \u00e7ok \u00e7al\u0131\u015ft\u0131k. \u00c7iftlikte inekler i\u00e7in stressiz bir ortam olmas\u0131n\u0131 sa\u011flamak i\u00e7in rahat bir his vard\u0131r.<\/p>\n<p>Ve tabii ki, tek bir plastik kullan\u0131m\u0131n\u0131 azaltmak i\u00e7in m\u00fcmk\u00fcn oldu\u011funca ufak ambalajlarda cam \u015fi\u015feler kullan\u0131yoruz<\/p>\n<p>\u00dcr\u00fcnlerimizde sadece kendi \u00e7iftli\u011fimizin s\u00fct\u00fc kullan\u0131lmaktad\u0131r. Bu nedenle k\u0131s\u0131tl\u0131 miktarlarda \u00fcr\u00fcn imal edilebilmektedir. Ve yine ayn\u0131 nedenle ulusal ve b\u00fcy\u00fck marketlere \u00fcr\u00fcnlerimizi da\u011f\u0131tam\u0131yoruz. \u00dcr\u00fcn miktar\u0131n\u0131 artt\u0131rm\u0131yoruz \u00e7\u00fcnk\u00fc miktar artt\u0131k\u00e7a kalite ve \u00f6zenin kayboldu\u011funu g\u00f6r\u00fcyoruz.<\/p>\n<p>Do\u011fal\u00a0<a href=\"https:\/\/www.karadenizdogal.com\/karadeniz-yoresel-urunler\/\" target=\"_blank\" rel=\"noreferrer noopener\" aria-label=\"\u00fcr\u00fcn (yeni sekmede a\u00e7\u0131l\u0131r)\">\u00fcr\u00fcn<\/a>lere ula\u015fman\u0131n bu kadar zor oldu\u011fu, geleneksel hayvanc\u0131l\u0131\u011f\u0131n ve tar\u0131m\u0131n t\u00fckenme noktas\u0131na geldi\u011fi bu zamanda sizlere do\u011fal yeti\u015ftirilmi\u015f \u00fcr\u00fcnlerle kavu\u015fturmak i\u00e7in \u00e7al\u0131\u015fmaktay\u0131z. Y\u00fczy\u0131llarca eskilerimiz dedelerimiz hayvanlar\u0131n\u0131 yaylada nas\u0131l besliyorsa, topraklar\u0131n\u0131 nas\u0131l ekip bi\u00e7iyor do\u011fal \u00fcr\u00fcn yeti\u015ftiriyor ise, biz de ayn\u0131 y\u00f6ntemlerle devam etmeye \u00e7al\u0131\u015f\u0131yoruz. Hem de \u00e7ok daha sa\u011fl\u0131kl\u0131 ve hijyenik ortamlarda..<a href=\"https:\/\/www.karadenizdogal.com\/mese-tereyagi\/\">.<\/a><\/p>","protected":false},"excerpt":{"rendered":"<p>Karadeniz Do\u011fal a\u00e7\u0131ld\u0131, art\u0131k g\u00f6n\u00fcl rahatl\u0131\u011f\u0131yla \u00e7iftlikten direk s\u00fct \u00fcr\u00fcnleri sat\u0131n alabilirsiniz. &nbsp; \u00c7iftli\u011fimizde \u00fcretilen s\u00fctler derhal, \u2013 taze taze -, tereya\u011f \u00fcretim hatt\u0131m\u0131za y\u00f6nlendirilmektedir. \u00dcretilen s\u00fct\u00fcn tamam\u0131 ayn\u0131 g\u00fcn i\u015flenmektedir.\u00a0Bu imkan \u00fcr\u00fcnlerimizin tazeli\u011fi ve kalitesi bak\u0131m\u0131ndan bizi rakipsiz k\u0131lmaktad\u0131r. Y\u00f6resel lezzet ve b\u00f6lgesel yetenek\u00a0k\u00f6y \u00e7iftli\u011fimizde\u00a0son\u00a0teknoloji\u00a0\u00fcr\u00fcn\u00fc hijyen ko\u015fullar\u0131 ile birle\u015ftirilmektedir. Karadeniz Do\u011fal S\u00fct olarak hedefimiz, &hellip; <a href=\"https:\/\/www.sutyo.com\/tr\/karadeniz-dogal\/\" class=\"more-link\">Okumaya devam et<span class=\"screen-reader-text\"> &#8220;Karadeniz Do\u011fal&#8221;<\/span><\/a><\/p>","protected":false},"author":1,"featured_media":0,"parent":0,"menu_order":0,"comment_status":"closed","ping_status":"closed","template":"","meta":{"_exactmetrics_skip_tracking":false,"_exactmetrics_sitenote_active":false,"_exactmetrics_sitenote_note":"","_exactmetrics_sitenote_category":0,"footnotes":""},"class_list":["post-1464","page","type-page","status-publish","hentry"],"aioseo_notices":[],"_links":{"self":[{"href":"https:\/\/www.sutyo.com\/tr\/wp-json\/wp\/v2\/pages\/1464","targetHints":{"allow":["GET"]}}],"collection":[{"href":"https:\/\/www.sutyo.com\/tr\/wp-json\/wp\/v2\/pages"}],"about":[{"href":"https:\/\/www.sutyo.com\/tr\/wp-json\/wp\/v2\/types\/page"}],"author":[{"embeddable":true,"href":"https:\/\/www.sutyo.com\/tr\/wp-json\/wp\/v2\/users\/1"}],"replies":[{"embeddable":true,"href":"https:\/\/www.sutyo.com\/tr\/wp-json\/wp\/v2\/comments?post=1464"}],"version-history":[{"count":3,"href":"https:\/\/www.sutyo.com\/tr\/wp-json\/wp\/v2\/pages\/1464\/revisions"}],"predecessor-version":[{"id":1468,"href":"https:\/\/www.sutyo.com\/tr\/wp-json\/wp\/v2\/pages\/1464\/revisions\/1468"}],"wp:attachment":[{"href":"https:\/\/www.sutyo.com\/tr\/wp-json\/wp\/v2\/media?parent=1464"}],"curies":[{"name":"wp","href":"https:\/\/api.w.org\/{rel}","templated":true}]}}