{"id":4,"date":"2016-12-10T23:17:59","date_gmt":"2016-12-10T23:17:59","guid":{"rendered":"http:\/\/www.sutyo.com\/index.php\/home\/"},"modified":"2016-12-15T15:36:13","modified_gmt":"2016-12-15T15:36:13","slug":"taze_sut_ve_sut_urunleri","status":"publish","type":"page","link":"http:\/\/www.sutyo.com\/tr\/taze_sut_ve_sut_urunleri\/","title":{"rendered":"Taze s\u00fct ve s\u00fct \u00fcr\u00fcnleri."},"content":{"rendered":"<h6>Samsun &#8216;da Taze s\u00fct ve s\u00fct \u00fcr\u00fcnleri.<\/h6>\n<p>Samsun S\u00fct \u0130\u015fletmelerinde en eskiden kalan al\u0131\u015fkanl\u0131klar devam ediyor. Bunlardan birisi de Paradok \u00c7iftli\u011fi s\u00fct teslim Ofisi.<\/p>\n<p>Hasan \u00c7olaks\u0131zo\u011fullar\u0131 \u00e7izgisi ile Samsun &#8216;un silueti o zamandan beri b\u00fcy\u00fck \u00f6l\u00e7\u00fcde de\u011fi\u015fti. 1877 y\u0131l\u0131nda Samsun&#8217;da taze s\u00fct k\u00fc\u00e7\u00fck bir grup k\u00f6yl\u00fcn\u00fcn ba\u011f\u0131ms\u0131z teslimat hizmeti olarak ba\u015flad\u0131 ve biz s\u00f6ylemek gurur duyuyoruz ki bu hizmet i\u00e7in tutku ve kaliteye olan ba\u011fl\u0131l\u0131k nedeniyle g\u00fcn\u00fcm\u00fcze kadar geldi \u015fimdi Samsun&#8217;n\u0131n \u00f6nde gelen hizmet \u015firketleri sayesinde s\u00fct teslimatlar\u0131 devam ediyor. Ve insanlar evlerinde taze g\u00fcnl\u00fck k\u00f6y s\u00fct\u00fc ile yap\u0131lm\u0131\u015f k\u00f6y yo\u011furdu t\u00fcketebiliyorlar.<\/p>\n<p>Bizim taze s\u00fct ve s\u00fct \u00fcr\u00fcnlerinin \u00e7evre dostu olmas\u0131\u00a0\u00a0sadece k\u00f6y \u00e7iftliklerimizdeki tedarik\u00e7ilerin ve kayna\u011f\u0131n\u0131n\u00a0 geriye do\u011fru\u00a0% 100l izlenebilirli\u011fi geliyor. Samsun&#8217;da ofisine taze s\u00fct sunmak i\u00e7in yerel s\u00fct\u00e7\u00fc ar\u0131yorsan\u0131z ve tedarik zinciri sizin i\u00e7in \u00f6nemli \u00a0ise, e\u011fer s\u00fct yapan inekler ne yedi ne i\u00e7ti nerden geldi bilmek istiyorsan\u0131z \u00f6yleyse, o zaman do\u011fru yere geldiniz.<\/p>\n<p>E\u011fer (birka\u00e7 dakika s\u00fcrer) bir hesap kurduktan sonra, biz her \u015feyi sizin i\u00e7in ilgilenir. Bize b\u0131rak\u0131n ve en iyi ne ile elde edebilirsiniz zaman neden k\u0131rtasiye s\u00fct dert?<br \/>\nT\u00fcm s\u00fct ihtiya\u00e7lar\u0131n\u0131z i\u00e7in bir fiyat teklifi al\u0131n, bug\u00fcn dondurmac\u0131lar, s\u00fctla\u00e7c\u0131lar, tatl\u0131c\u0131lar, pastaneler bizim s\u00fct\u00fcm\u00fcz\u00fc almak i\u00e7in s\u0131raya giriyorlar. Siz de pi\u015fman olmayacaks\u0131n\u0131z.<br \/>\nofis personeli, \u00f6zel gereksinimleri ya da s\u00fct ho\u015fg\u00f6r\u00fcs\u00fcz m\u0131?<br \/>\nSorun de\u011fil, taze s\u00fct yelpazemizle birlikte biz \u00f6zel \u00fcr\u00fcnler ve s\u00fct alternatifleri kayna\u011f\u0131.<br \/>\nBunlar a\u015fa\u011f\u0131dakileri i\u00e7erir:<br \/>\n\u2022 Soya s\u00fct\u00fc<br \/>\n\u2022 Badem s\u00fct\u00fc<br \/>\n\u2022 Uzun \u00f6m\u00fcrl\u00fc s\u00fct<br \/>\n\u2022 Lacto \u00fccretsiz s\u00fct<br \/>\nBiz de kahve makinesi i\u00e7in mukadder pergals s\u00fct kartonlar\u0131 k\u00fc\u00e7\u00fck porsiyon, boyutlarda bir dizi kayna\u011f\u0131.<br \/>\nE\u011fer ilginizi olabilecek di\u011fer s\u00fct \u00fcr\u00fcnleri:<br \/>\nTereya\u011f\u0131 ve formalar d\u00fc\u015f\u00fck ya\u011f, tam ya\u011f, zeytinya\u011f\u0131 formalar\u0131 ile. Bir\u00e7ok \u00f6nde gelen markalar\u0131ndan birimlerine birimlerinin bir\u00e7ok boyutlar\u0131 stok.<br \/>\nyo\u011furt<br \/>\nZengin ve ho\u015fg\u00f6r\u00fcl\u00fc, meyve, s\u0131f\u0131r ya\u011fl\u0131 Yunan tarz\u0131 yo\u011furt ve i\u00e7me.<br \/>\nBiz g\u00fc\u00e7 boyutu kaplarda bireysel tencere bir\u00e7ok boyutlar\u0131 stok.<br \/>\nYUMURTA<br \/>\nT\u00fcm \u00fccretsiz aral\u0131\u011f\u0131 ve Samsun&#8217;den dola\u015fmak i\u00e7in a\u00e7\u0131k alan bir s\u00fcr\u00fc var yumurtac\u0131 tavuk.<br \/>\nBiz yar\u0131m d\u00fczine 180 vakaya kadar boyutlar\u0131 stok ve s\u0131v\u0131 yumurta kayna\u011f\u0131.<br \/>\nPEYN\u0130R<br \/>\nDilimler, macun ve rendelenmi\u015f. Biz \u0130ngiliz ve k\u0131ta peynir geni\u015f bir \u00fcr\u00fcn yelpazesi kayna\u011f\u0131.<br \/>\nB\u00fcy\u00fck g\u00fc\u00e7 kaynaklar\u0131 i\u00e7in \u00f6nde gelen markalar\u0131n k\u00fc\u00e7\u00fck \u00f6nceden kesilmi\u015f paketleri.<\/p>\n<p>\u0130LET\u0130\u015e\u0130M<br \/>\nHerhangi bir sorunuz veya \u00f6zel gereksinimleri varsa, l\u00fctfen bizimle irtibat kurun, biz sizden duymak isteriz.<br \/>\n020 7247 7136&#8217;d\u0131r numaral\u0131 telefondan bizi aray\u0131n<br \/>\nYa da bize e-posta g\u00f6nderin<br \/>\nEn ipu\u00e7lar\u0131<br \/>\n1. 5 \u00b0 C * alt\u0131nda buzdolab\u0131nda saklanan s\u00fct daha uzun s\u00fcre taze kal\u0131r.<br \/>\nBuzdolab\u0131n\u0131z raflarda 2.Keep s\u00fct, onlar kap\u0131 daha serin oldu\u011fu i\u00e7in<br \/>\n3.Use emin s\u0131k\u0131 rotasyon s\u00fct t\u00fcm eski hisse senedi yeni ba\u015flamadan \u00f6nce kullan\u0131ld\u0131\u011f\u0131n\u0131<br \/>\n4. hafta sonunda g\u00fc\u00e7 Hansballe ve kabakuvvet kullan\u0131l\u0131rd\u0131 , daha sonra otomatik kar\u0131\u015ft\u0131r\u0131c\u0131lar ve d\u00f6ver, \u00e7\u0131rparlar ortaya \u00e7\u0131kt\u0131.<br \/>\n\u2022 Bizim aral\u0131\u011f\u0131 i\u00e7in taze s\u00fct sadece Birle\u015fik Krall\u0131k tedarik\u00e7isi kullanmak<br \/>\n\u2022 Orada Bize geri gelmek istiyorum hi\u00e7bir sabit s\u00f6zle\u015fmelerdir ve gerek \u00e7\u00fcnk\u00fc!<br \/>\n\u2022 Biz her g\u00fcn teslim<br \/>\n\u2022 Kargo BEDAVA<br \/>\n\u2022 \u00c7o\u011fu \u00fcr\u00fcn yok minimum sipari\u015f miktar\u0131<br \/>\nBiz basit bir g\u00fc\u00e7l\u00fck sunuyoruz \u2022 En iyi ne sizi izin \u00fccretsiz<br \/>\n\u2022 Biz ho\u015fg\u00f6r\u00fcs\u00fczl\u00fck ve \u00f6zel gereksinimleri olan \u00e7al\u0131\u015fanlar i\u00e7in hitap<br \/>\nBir teklifi al\u0131n<br \/>\nAld\u0131 ve g\u00fcnl\u00fck dolu,<br \/>\nBizim taze YTL<\/p>\n<p><a href=\"http:\/\/www.lunica.com.tr\">bah\u00e7e mobilyas\u0131<\/a><\/p>","protected":false},"excerpt":{"rendered":"<p>Samsun &#8216;da Taze s\u00fct ve s\u00fct \u00fcr\u00fcnleri. Samsun S\u00fct \u0130\u015fletmelerinde en eskiden kalan al\u0131\u015fkanl\u0131klar devam ediyor. Bunlardan birisi de Paradok \u00c7iftli\u011fi s\u00fct teslim Ofisi. Hasan \u00c7olaks\u0131zo\u011fullar\u0131 \u00e7izgisi ile Samsun &#8216;un silueti o zamandan beri b\u00fcy\u00fck \u00f6l\u00e7\u00fcde de\u011fi\u015fti. 1877 y\u0131l\u0131nda Samsun&#8217;da taze s\u00fct k\u00fc\u00e7\u00fck bir grup k\u00f6yl\u00fcn\u00fcn ba\u011f\u0131ms\u0131z teslimat hizmeti olarak ba\u015flad\u0131 ve biz s\u00f6ylemek gurur &hellip; <a href=\"http:\/\/www.sutyo.com\/tr\/taze_sut_ve_sut_urunleri\/\" class=\"more-link\">Okumaya devam et<span class=\"screen-reader-text\"> &#8220;Taze s\u00fct ve s\u00fct \u00fcr\u00fcnleri.&#8221;<\/span><\/a><\/p>","protected":false},"author":1,"featured_media":0,"parent":0,"menu_order":0,"comment_status":"closed","ping_status":"closed","template":"","meta":{"_exactmetrics_skip_tracking":false,"_exactmetrics_sitenote_active":false,"_exactmetrics_sitenote_note":"","_exactmetrics_sitenote_category":0,"footnotes":""},"class_list":["post-4","page","type-page","status-publish","hentry"],"aioseo_notices":[],"_links":{"self":[{"href":"http:\/\/www.sutyo.com\/tr\/wp-json\/wp\/v2\/pages\/4","targetHints":{"allow":["GET"]}}],"collection":[{"href":"http:\/\/www.sutyo.com\/tr\/wp-json\/wp\/v2\/pages"}],"about":[{"href":"http:\/\/www.sutyo.com\/tr\/wp-json\/wp\/v2\/types\/page"}],"author":[{"embeddable":true,"href":"http:\/\/www.sutyo.com\/tr\/wp-json\/wp\/v2\/users\/1"}],"replies":[{"embeddable":true,"href":"http:\/\/www.sutyo.com\/tr\/wp-json\/wp\/v2\/comments?post=4"}],"version-history":[{"count":6,"href":"http:\/\/www.sutyo.com\/tr\/wp-json\/wp\/v2\/pages\/4\/revisions"}],"predecessor-version":[{"id":117,"href":"http:\/\/www.sutyo.com\/tr\/wp-json\/wp\/v2\/pages\/4\/revisions\/117"}],"wp:attachment":[{"href":"http:\/\/www.sutyo.com\/tr\/wp-json\/wp\/v2\/media?parent=4"}],"curies":[{"name":"wp","href":"https:\/\/api.w.org\/{rel}","templated":true}]}}